{"id":322,"date":"2024-11-30T16:44:12","date_gmt":"2024-11-30T16:44:12","guid":{"rendered":"https:\/\/rauchisland.com\/?page_id=322"},"modified":"2025-12-05T20:30:27","modified_gmt":"2025-12-05T20:30:27","slug":"aviso-legal","status":"publish","type":"page","link":"https:\/\/rauchisland.com\/en\/aviso-legal\/","title":{"rendered":"Legal notice"},"content":{"rendered":"<div data-elementor-type=\"wp-page\" data-elementor-id=\"322\" class=\"elementor elementor-322\" data-elementor-post-type=\"page\">\n\t\t\t\t<div class=\"elementor-element elementor-element-57a3c230 e-flex e-con-boxed e-con e-parent\" data-id=\"57a3c230\" data-element_type=\"container\" data-e-type=\"container\">\n\t\t\t\t\t<div class=\"e-con-inner\">\n\t\t\t\t<div class=\"elementor-element elementor-element-51c7e7d9 elementor-widget elementor-widget-text-editor\" data-id=\"51c7e7d9\" data-element_type=\"widget\" data-e-type=\"widget\" data-widget_type=\"text-editor.default\">\n\t\t\t\t<div class=\"elementor-widget-container\">\n\t\t\t\t\t\t\t\t\t<h1><strong>Legal notice<\/strong><\/h1>\n<p><!-- \/wp:paragraph --><!-- wp:paragraph --><\/p>\n<p><strong>I. Informaci\u00f3n sobre el Titular del Sitio Web.<\/strong> En cumplimiento de lo dispuesto en la Ley 34\/2002, de 11 de Julio, de Servicios de la Sociedad de la Informaci\u00f3n y Comercio Electr\u00f3nico, el titular del presente Sitio Web facilita la siguiente informaci\u00f3n a los usuarios del mismo: La entidad titular de este Sitio Web es RAUCH ISLAND, con domicilio social en AVD. TEJEDA LOCAL A26 CC.RONDA, SAN FERNANDO DE MASPALOMAS, Las Palmas de Gran Canaria, Espa\u00f1a.<\/p>\n<p><!-- \/wp:paragraph --><!-- wp:paragraph --><\/p>\n<p><strong>II. Modificaci\u00f3n de contenidos.<\/strong> El titular de este Sitio Web se reserva el derecho de modificar unilateralmente y sin previo aviso la presentaci\u00f3n, configuraci\u00f3n o el contenido del mismo, tanto en relaci\u00f3n a los servicios como a los productos ofrecidos y sus especificaciones t\u00e9cnicas, as\u00ed como cualquier otro contenido sustancial.<\/p>\n<p><!-- \/wp:paragraph --><!-- wp:paragraph --><\/p>\n<p><strong>III. Responsabilidad de los enlaces.<\/strong> El titular de este Sitio Web no puede garantizar que los hiperv\u00ednculos o enlaces a otros sitios de la Web resulten exactos en el momento de su acceso. Dado que el mantenimiento de los Sitios Web a los que apuntan dichos enlaces corresponde a terceros ajenos a \u00e9l, el titular de este Sitio Web no asume responsabilidad alguna por los posibles contenidos il\u00edcitos de los sitios a los que remiten tales enlaces en tanto no tenga conocimiento de esa circunstancia de acuerdo con la legislaci\u00f3n vigente.<\/p>\n<p><!-- \/wp:paragraph --><!-- wp:paragraph --><\/p>\n<p><strong>Condiciones de Uso<\/strong> El uso del sitio Web https:\/\/rauchisland.com\/ (en adelante, el \u00abSitio Web\u00bb) se rige por las normas establecidas en el presente aviso legal. La utilizaci\u00f3n del mismo implica que usted acepta dichas condiciones. Puede contactar con RAUCH ISLAND en la direcci\u00f3n abajo indicada o a trav\u00e9s de la direcci\u00f3n de correo electr\u00f3nico: rauchisland.business@gmail.com<\/p>\n<p><!-- \/wp:paragraph --><!-- wp:paragraph --><\/p>\n<p><strong>Datos identificativos<\/strong> Para dar cumplimiento con lo establecido en la Ley 34\/2002, de 11 de julio, de servicios de la sociedad de la informaci\u00f3n y de comercio electr\u00f3nico, a continuaci\u00f3n, se indican los datos de informaci\u00f3n general de este sitio Web.<\/p>\n<p><!-- \/wp:paragraph --><!-- wp:paragraph --><\/p>\n<p>Contacto: rauchisland.business@gmail.com<\/p>\n<p><!-- \/wp:paragraph --><!-- wp:paragraph --><\/p>\n<p>Direcci\u00f3n: AVD. TEJEDA LOCAL A26 CC.RONDA, SAN FERNANDO DE MASPALOMAS, Las Palmas de Gran Canaria, Espa\u00f1a<\/p>\n<p><!-- \/wp:paragraph --><!-- wp:paragraph --><\/p>\n<p>CP: 35100<\/p>\n<p><!-- \/wp:paragraph --><!-- wp:paragraph --><\/p>\n<p>Tel\u00e9fono: (+34) 653 52 81 15<\/p>\n<p><!-- \/wp:paragraph --><!-- wp:paragraph --><\/p>\n<p><strong>Condiciones del sitio Web<\/strong> Los contenidos y servicios del Sitio Web son proporcionados por RAUCH ISLAND. El uso y la navegaci\u00f3n por el Sitio Web implica aceptar y conocer las advertencias legales, condiciones y t\u00e9rminos de uso que el mismo contiene, especial el presente \u00abAviso Legal\u00bb y la pol\u00edtica de \u00abProtecci\u00f3n de Datos\u00bb. El Sitio Web ha sido dise\u00f1ado para soportar todo tipo de navegadores. No obstante, RAUCH ISLAND no se hace responsable de los perjuicios, de cualquier \u00edndole, que pudieran ocasionarse a los usuarios por la utilizaci\u00f3n de navegadores o versiones de los mismos no compatibles.<\/p>\n<p><!-- \/wp:paragraph --><!-- wp:paragraph --><\/p>\n<p><strong>Derechos de Propiedad Intelectual e Industrial<\/strong> Todos los contenidos del Sitio la marca, denominaciones, logotipos, im\u00e1genes, textos, dise\u00f1o, y cualquier otro signo distintivo del Sitio Web pertenecen a RAUCH ISLAND. El acceso a dichos contenidos o elementos no otorga al usuario el derecho de alteraci\u00f3n, modificaci\u00f3n, explotaci\u00f3n o reproducci\u00f3n, distribuci\u00f3n, comunicaci\u00f3n p\u00fablica o cualquier otro derecho que corresponda al titular del derecho afectado. El usuario se compromete a no realizar en ning\u00fan caso una explotaci\u00f3n comercial, directa o indirecta de los mismos. Todo uso no autorizado del Sitio Web dar\u00e1 derecho a RAUCH ISLAND para ejercitar las acciones que correspondan en virtud de la legislaci\u00f3n aplicable.<\/p>\n<p><!-- \/wp:paragraph --><!-- wp:paragraph --><\/p>\n<p><strong>Protecci\u00f3n de Datos<\/strong> Lea nuestra Pol\u00edtica de Privacidad respecto a los datos que se recogen en nuestro Sitio Web.<\/p>\n<p><!-- \/wp:paragraph --><!-- wp:paragraph --><\/p>\n<p><strong>POL\u00cdTICA DE ENLACES<\/strong> En este Sitio Web se ofrecen enlaces a p\u00e1ginas Web de terceros mediante botones, links, banners, etc. La utilizaci\u00f3n de los citados enlaces es de su exclusiva responsabilidad ya que RAUCH ISLAND no se responsabiliza de los contenidos de los sitios Web enlazados.<\/p>\n<p><!-- \/wp:paragraph --><!-- wp:paragraph --><\/p>\n<p>Caso que cualquier empresa o particular deseen establecer enlaces con destino al Sitio Web deber\u00e1n respetar las siguientes estipulaciones: El enlace solamente se podr\u00e1 dirigir a la p\u00e1gina principal del Sitio Web, y abarcar toda la extensi\u00f3n de la pantalla de la p\u00e1gina principal, no pudiendo incluir dicho enlace como parte de otra Web o dentro de uno de sus \u00abframes\u00bb o crear un \u00abbrowser\u00bb sobre cualquier p\u00e1gina del Sitio Web. La p\u00e1gina que realiza el enlace no podr\u00e1 declarar que el mismo est\u00e1 autorizado por RAUCH ISLAND ni incluir la marca, denominaci\u00f3n, nombre comercial, r\u00f3tulo, logotipo, slogan o cualquier otro tipo de elemento identificativo de RAUCH ISLAND. RAUCH ISLAND excluye expresamente que se puedan realizar enlaces desde aquellas p\u00e1ginas Web que contengan materiales, informaci\u00f3n o contenidos il\u00edcitos, ilegales, degradantes, obscenos, y en general, que contravengan la moral, el orden p\u00fablico o las normas sociales generalmente aceptadas.<\/p>\n<p><!-- \/wp:paragraph --><!-- wp:paragraph --><\/p>\n<p><strong>Limitaci\u00f3n de Responsabilidades<\/strong> Bajo ninguna circunstancia RAUCH ISLAND ser\u00e1 responsable ante terceros por cualquier da\u00f1o directo o indirecto, econ\u00f3mico o no resultado del uso del Sitio Web. RAUCH ISLAND no garantiza ni se hace responsable de la ausencia de virus y\/o dem\u00e1s componentes da\u00f1inos en el Sitio Web o en el servidor que lo suministra, los da\u00f1os o perjuicios que cause, a s\u00ed mismo o a un tercero, cualquier persona que infringiera las condiciones, normas e instrucciones que RAUCH ISLAND establece en el Sitio Web o a trav\u00e9s de la vulneraci\u00f3n de los sistemas de seguridad. RAUCH ISLAND declara que ha adoptado todas las medidas necesarias, dentro de sus posibilidades y del estado de la tecnolog\u00eda, para garantizar el funcionamiento del Sitio Web y evitar la existencia y transmisi\u00f3n de virus y dem\u00e1s componentes da\u00f1inos a los Usuarios. RAUCH ISLAND se reserva el derecho a emprender las acciones legales que estime oportunas contra las personas que utilicen el Sitio Web de manera distinta a la estipulada o que pudiera da\u00f1ar la imagen de RAUCH ISLAND\u00a0 o de terceros y a exigirles una indemnizaci\u00f3n por los da\u00f1os y perjuicios que se deriven de reclamaciones, acciones o demandas de terceros (incluyendo sin limitaci\u00f3n honorarios de abogados) como consecuencia de las acciones anteriores u otras que se pudieran producir.<\/p>\n<p><!-- \/wp:paragraph --><!-- wp:paragraph --><\/p>\n<p><strong>Jurisdicci\u00f3n y Leyes Aplicables<\/strong> Las Condiciones Generales declaradas en este sitio Web se regir\u00e1n por la legislaci\u00f3n espa\u00f1ola. RAUCH ISLAND y el usuario, con renuncia expresa al fuero que pudiera corresponderles, se someten a la Jurisdicci\u00f3n de los Juzgados y Tribunales de Las Palmas de Gran Canaria.<\/p>\n<p><!-- \/wp:paragraph --><\/p>\t\t\t\t\t\t\t\t<\/div>\n\t\t\t\t<\/div>\n\t\t\t\t\t<\/div>\n\t\t\t\t<\/div>\n\t\t\t\t<\/div>","protected":false},"excerpt":{"rendered":"<p>Aviso legal I. Informaci\u00f3n sobre el Titular del Sitio Web. En cumplimiento de lo dispuesto en la Ley 34\/2002, de 11 de Julio, de Servicios de la Sociedad de la Informaci\u00f3n y Comercio Electr\u00f3nico, el titular del presente Sitio Web facilita la siguiente informaci\u00f3n a los usuarios del mismo: La entidad titular de este Sitio [&hellip;]<\/p>\n","protected":false},"author":1,"featured_media":0,"parent":0,"menu_order":0,"comment_status":"closed","ping_status":"closed","template":"","meta":{"footnotes":""},"class_list":["post-322","page","type-page","status-publish","hentry"],"jetpack_sharing_enabled":true,"_links":{"self":[{"href":"https:\/\/rauchisland.com\/en\/wp-json\/wp\/v2\/pages\/322","targetHints":{"allow":["GET"]}}],"collection":[{"href":"https:\/\/rauchisland.com\/en\/wp-json\/wp\/v2\/pages"}],"about":[{"href":"https:\/\/rauchisland.com\/en\/wp-json\/wp\/v2\/types\/page"}],"author":[{"embeddable":true,"href":"https:\/\/rauchisland.com\/en\/wp-json\/wp\/v2\/users\/1"}],"replies":[{"embeddable":true,"href":"https:\/\/rauchisland.com\/en\/wp-json\/wp\/v2\/comments?post=322"}],"version-history":[{"count":7,"href":"https:\/\/rauchisland.com\/en\/wp-json\/wp\/v2\/pages\/322\/revisions"}],"predecessor-version":[{"id":1535,"href":"https:\/\/rauchisland.com\/en\/wp-json\/wp\/v2\/pages\/322\/revisions\/1535"}],"wp:attachment":[{"href":"https:\/\/rauchisland.com\/en\/wp-json\/wp\/v2\/media?parent=322"}],"curies":[{"name":"wp","href":"https:\/\/api.w.org\/{rel}","templated":true}]}}