{"id":336,"date":"2024-11-30T17:06:39","date_gmt":"2024-11-30T17:06:39","guid":{"rendered":"https:\/\/rauchisland.com\/?page_id=336"},"modified":"2024-11-30T17:10:32","modified_gmt":"2024-11-30T17:10:32","slug":"accesibilidad","status":"publish","type":"page","link":"https:\/\/rauchisland.com\/en\/accesibilidad\/","title":{"rendered":"Accessibility"},"content":{"rendered":"<div data-elementor-type=\"wp-page\" data-elementor-id=\"336\" class=\"elementor elementor-336\" data-elementor-post-type=\"page\">\n\t\t\t\t<div class=\"elementor-element elementor-element-28d48ea8 e-flex e-con-boxed e-con e-parent\" data-id=\"28d48ea8\" data-element_type=\"container\" data-e-type=\"container\">\n\t\t\t\t\t<div class=\"e-con-inner\">\n\t\t\t\t<div class=\"elementor-element elementor-element-77db7505 elementor-widget elementor-widget-text-editor\" data-id=\"77db7505\" data-element_type=\"widget\" data-e-type=\"widget\" data-widget_type=\"text-editor.default\">\n\t\t\t\t<div class=\"elementor-widget-container\">\n\t\t\t\t\t\t\t\t\t<p><\/p>\n<h1><strong>DECLARACI\u00d3N DE ACCESIBILIDAD<\/strong><\/h1>\n<p><\/p>\n<p>Jennifer Andrea Guirao Lopez, C.I.F. 54132470S, domicilio social en CALLE LOS TENDERETITOS NUM 47, SAN FERNANDO DE MASPALOMAS, Las Palmas de Gran Canaria, Espa\u00f1a se ha comprometido a hacer accesible su sitio web, de conformidad con el Real Decreto 1112\/2018, de 7 de septiembre, sobre accesibilidad de los sitios web y aplicaciones para dispositivos m\u00f3viles del sector p\u00fablico. La presente declaraci\u00f3n de accesibilidad se aplica a rauchisland.business@gmail.com.<\/p>\n<p><\/p>\n<p><strong>SITUACI\u00d3N DEL CUMPLIMIENTO<\/strong> Este sitio web es plenamente conforme con el RD 1112\/2018.<\/p>\n<p><\/p>\n<p><strong>CONTENIDO NO ACCESIBLE<\/strong> Todo el contenido es accesible.<\/p>\n<p><\/p>\n<p><strong>PREPARACI\u00d3N DE LA PRESENTE DECLARACI\u00d3N DE ACCESIBILIDAD<\/strong> La presente declaraci\u00f3n fue preparada el 30 de noviembre de 2024. El m\u00e9todo empleado para preparar la declaraci\u00f3n ha sido una autoevaluaci\u00f3n llevada a cabo por el propio organismo.<\/p>\n<p><\/p>\n<p><strong>OBSERVACIONES Y DATOS DE CONTACTO<\/strong> Puede realizar comunicaciones sobre requisitos de accesibilidad (art\u00edculo 10.2.a) del RD 1112\/2018) como por ejemplo:<\/p>\n<p><\/p>\n<ul class=\"wp-block-list\"><p><\/p>\n<li>Informar sobre cualquier posible incumplimiento por parte de este sitio web.<\/li>\n<p><\/p>\n<li>Transmitir otras dificultades de acceso al contenido.<\/li>\n<p><\/p>\n<li>Formular cualquier otra consulta o sugerencia de mejora relativa a la accesibilidad del sitio web.<\/li>\n<p><\/p><\/ul>\n<p><\/p>\n<p>Puede contactarnos a trav\u00e9s de:<\/p>\n<p><\/p>\n<ul class=\"wp-block-list\"><p><\/p>\n<li>Correo electr\u00f3nico: rauchisland.business@gmail.com<\/li>\n<p><\/p>\n<li>Tel\u00e9fono: (+34) 687 03 57 04<\/li>\n<p><\/p><\/ul>\n<p><\/p>\n<p>Puede presentar:<\/p>\n<p><\/p>\n<ul class=\"wp-block-list\"><p><\/p>\n<li>Una queja relativa al cumplimiento de los requisitos del RD 1112\/2018.<\/li>\n<p><\/p>\n<li>Una Solicitud de Informaci\u00f3n accesible relativa a:<br>\n<ul class=\"wp-block-list\"><p><\/p>\n<li>Contenidos que est\u00e1n excluidos del \u00e1mbito de aplicaci\u00f3n del RD 1112\/2018 seg\u00fan lo establecido por el art\u00edculo 3, apartado 4.<\/li>\n<p><\/p>\n<li>Contenidos que est\u00e1n exentos del cumplimiento de los requisitos de accesibilidad por imponer una carga desproporcionada.<\/li>\n<p><\/p><\/ul>\n<p><\/p><\/li>\n<p><\/p><\/ul>\n<p><\/p>\n<p>En la Solicitud de Informaci\u00f3n accesible, se debe concretar, con toda claridad, los hechos, razones y petici\u00f3n que permitan constatar que se trata de una solicitud razonable y leg\u00edtima.<\/p>\n<p><\/p>\n<p>Las comunicaciones, quejas y solicitudes de informaci\u00f3n accesible ser\u00e1n recibidas y tratadas por Jennifer Andrea Guirao Lopez.<\/p>\n<p><\/p>\n<p><strong>PROCEDIMIENTO DE APLICACI\u00d3N<\/strong> En caso de no verse atendidas las solicitudes, podr\u00e1 dirigir una comunicaci\u00f3n a rauchisland.business@gmail.com dirigida en atenci\u00f3n a la Direcci\u00f3n de la organizaci\u00f3n.<\/p>\n<p><\/p>\t\t\t\t\t\t\t\t<\/div>\n\t\t\t\t<\/div>\n\t\t\t\t\t<\/div>\n\t\t\t\t<\/div>\n\t\t\t\t<\/div>","protected":false},"excerpt":{"rendered":"<p>DECLARACI\u00d3N DE ACCESIBILIDAD Jennifer Andrea Guirao Lopez, C.I.F. 54132470S, domicilio social en CALLE LOS TENDERETITOS NUM 47, SAN FERNANDO DE MASPALOMAS, Las Palmas de Gran Canaria, Espa\u00f1a se ha comprometido a hacer accesible su sitio web, de conformidad con el Real Decreto 1112\/2018, de 7 de septiembre, sobre accesibilidad de los sitios web y aplicaciones [&hellip;]<\/p>\n","protected":false},"author":1,"featured_media":0,"parent":0,"menu_order":0,"comment_status":"closed","ping_status":"closed","template":"","meta":{"footnotes":""},"class_list":["post-336","page","type-page","status-publish","hentry"],"jetpack_sharing_enabled":true,"_links":{"self":[{"href":"https:\/\/rauchisland.com\/en\/wp-json\/wp\/v2\/pages\/336","targetHints":{"allow":["GET"]}}],"collection":[{"href":"https:\/\/rauchisland.com\/en\/wp-json\/wp\/v2\/pages"}],"about":[{"href":"https:\/\/rauchisland.com\/en\/wp-json\/wp\/v2\/types\/page"}],"author":[{"embeddable":true,"href":"https:\/\/rauchisland.com\/en\/wp-json\/wp\/v2\/users\/1"}],"replies":[{"embeddable":true,"href":"https:\/\/rauchisland.com\/en\/wp-json\/wp\/v2\/comments?post=336"}],"version-history":[{"count":5,"href":"https:\/\/rauchisland.com\/en\/wp-json\/wp\/v2\/pages\/336\/revisions"}],"predecessor-version":[{"id":342,"href":"https:\/\/rauchisland.com\/en\/wp-json\/wp\/v2\/pages\/336\/revisions\/342"}],"wp:attachment":[{"href":"https:\/\/rauchisland.com\/en\/wp-json\/wp\/v2\/media?parent=336"}],"curies":[{"name":"wp","href":"https:\/\/api.w.org\/{rel}","templated":true}]}}